{"id":1287,"date":"2015-10-18T13:14:40","date_gmt":"2015-10-18T12:14:40","guid":{"rendered":"https:\/\/www.baudetsdubreuil.fr\/?page_id=1287&#038;lang=en"},"modified":"2015-10-18T13:17:43","modified_gmt":"2015-10-18T12:17:43","slug":"working-donkey","status":"publish","type":"page","link":"https:\/\/www.baudetsdubreuil.fr\/en\/working-donkey\/","title":{"rendered":"Working Donkey"},"content":{"rendered":"[vc_row fullwidth=&#8221;true&#8221;][vc_column][vc_column_text]<img loading=\"lazy\" decoding=\"async\" class=\"aligncenter size-full wp-image-125\" src=\"https:\/\/www.baudetsdubreuil.fr\/wp-content\/uploads\/2015\/09\/bg-baudet-du-poitou.jpg\" alt=\"working donkey elevage du breuil\" width=\"2500\" height=\"511\" \/>[\/vc_column_text][\/vc_column][\/vc_row][vc_row][vc_column css=&#8221;.vc_custom_1442920580012{margin-top: 40px !important;margin-bottom: 40px !important;}&#8221;][vc_column_text el_class=&#8221;intro&#8221;]\n<h1 style=\"text-align: center;\">Working Donkey<\/h1>\n[\/vc_column_text][vc_row_inner][vc_column_inner][vc_column_text el_class=&#8221;intro&#8221;]\n<p style=\"text-align: center;\">Pulling, carrying or riding, donkeys used for transport. Nowadays, the donkey is more and more use for teckking: he carries sadleback. Because he is smart and calm, Poitou donkey is a good choice.<\/p>\n[\/vc_column_text][\/vc_column_inner][\/vc_row_inner][\/vc_column][\/vc_row][mk_page_section bg_color=&#8221;#ede8e2&#8243; padding_bottom=&#8221;20&#8243; margin_bottom=&#8221;10&#8243; sidebar=&#8221;sidebar-1&#8243;][vc_column][vc_column_text margin_bottom=&#8221;20&#8243;]\n<h2 style=\"text-align: center;\">Education<\/h2>\n[\/vc_column_text][vc_row_inner][vc_column_inner width=&#8221;1\/3&#8243;][vc_column_text]\n<h3 style=\"text-align: center;\">Carrying saddleback<\/h3>\n<div tabindex=\"0\" class=\"cycloneslider cycloneslider-template-standard cycloneslider-width-responsive\" id=\"cycloneslider-ane-bate-1\" style=\"max-width:615px\" > <div class=\"cycloneslider-slides cycle-slideshow\" data-cycle-allow-wrap=\"true\" data-cycle-dynamic-height=\"off\" data-cycle-auto-height=\"615:435\" data-cycle-auto-height-easing=\"null\" data-cycle-auto-height-speed=\"250\" data-cycle-delay=\"0\" data-cycle-easing=\"\" data-cycle-fx=\"fade\" data-cycle-hide-non-active=\"true\" data-cycle-log=\"false\" data-cycle-next=\"#cycloneslider-ane-bate-1 .cycloneslider-next\" data-cycle-pager=\"#cycloneslider-ane-bate-1 .cycloneslider-pager\" data-cycle-pause-on-hover=\"false\" data-cycle-prev=\"#cycloneslider-ane-bate-1 .cycloneslider-prev\" data-cycle-slides=\"&gt; div\" data-cycle-speed=\"1000\" data-cycle-swipe=\"1\" data-cycle-tile-count=\"7\" data-cycle-tile-delay=\"100\" data-cycle-tile-vertical=\"true\" data-cycle-timeout=\"4000\" > <div class=\"cycloneslider-slide cycloneslider-slide-image\" > <img decoding=\"async\" src=\"https:\/\/www.baudetsdubreuil.fr\/wp-content\/uploads\/2015\/09\/A-approuve-deboure-615x435.jpg\" alt=\"\" title=\"\" \/> <div class=\"cycloneslider-caption\"> <div class=\"cycloneslider-caption-title\"><\/div> <div class=\"cycloneslider-caption-description\">Titus du Breuil b\u00e2t\u00e9 en ext\u00e9rieur.<\/div> <\/div> <\/div> <div class=\"cycloneslider-slide cycloneslider-slide-image\" > <img decoding=\"async\" src=\"https:\/\/www.baudetsdubreuil.fr\/wp-content\/uploads\/2016\/01\/IMG_1980-615x435.jpg\" alt=\"\" title=\"\" \/> <div class=\"cycloneslider-caption\"> <div class=\"cycloneslider-caption-title\"><\/div> <div class=\"cycloneslider-caption-description\">Umour du Breuil b\u00e2t\u00e9<\/div> <\/div> <\/div> <div class=\"cycloneslider-slide cycloneslider-slide-image\" > <img decoding=\"async\" src=\"https:\/\/www.baudetsdubreuil.fr\/wp-content\/uploads\/2016\/01\/IMG_1807-615x435.jpg\" alt=\"\" title=\"\" \/> <div class=\"cycloneslider-caption\"> <div class=\"cycloneslider-caption-title\"><\/div> <div class=\"cycloneslider-caption-description\">Urion du Breuil b\u00e2t\u00e9<\/div> <\/div> <\/div> <\/div> <a href=\"#\" class=\"cycloneslider-prev\"> <span class=\"arrow\"><\/span> <\/a> <a href=\"#\" class=\"cycloneslider-next\"> <span class=\"arrow\"><\/span> <\/a> <\/div>[\/vc_column_text][\/vc_column_inner][vc_column_inner width=&#8221;1\/3&#8243;][vc_column_text]\n<h3 style=\"text-align: center;\">Pulling<\/h3>\n<div tabindex=\"0\" class=\"cycloneslider cycloneslider-template-standard cycloneslider-width-responsive\" id=\"cycloneslider-ane-pour-debarder-2\" style=\"max-width:615px\" > <div class=\"cycloneslider-slides cycle-slideshow\" data-cycle-allow-wrap=\"true\" data-cycle-dynamic-height=\"off\" data-cycle-auto-height=\"615:435\" data-cycle-auto-height-easing=\"null\" data-cycle-auto-height-speed=\"250\" data-cycle-delay=\"0\" data-cycle-easing=\"\" data-cycle-fx=\"fade\" data-cycle-hide-non-active=\"true\" data-cycle-log=\"false\" data-cycle-next=\"#cycloneslider-ane-pour-debarder-2 .cycloneslider-next\" data-cycle-pager=\"#cycloneslider-ane-pour-debarder-2 .cycloneslider-pager\" data-cycle-pause-on-hover=\"false\" data-cycle-prev=\"#cycloneslider-ane-pour-debarder-2 .cycloneslider-prev\" data-cycle-slides=\"&gt; div\" data-cycle-speed=\"1000\" data-cycle-swipe=\"1\" data-cycle-tile-count=\"7\" data-cycle-tile-delay=\"100\" data-cycle-tile-vertical=\"true\" data-cycle-timeout=\"4000\" > <div class=\"cycloneslider-slide cycloneslider-slide-image\" > <img decoding=\"async\" src=\"https:\/\/www.baudetsdubreuil.fr\/wp-content\/uploads\/2016\/01\/ATT-9--615x435.jpg\" alt=\"\" title=\"\" \/> <div class=\"cycloneslider-caption\"> <div class=\"cycloneslider-caption-title\"><\/div> <div class=\"cycloneslider-caption-description\">Entrainement en longe pour commencer<\/div> <\/div> <\/div> <div class=\"cycloneslider-slide cycloneslider-slide-image\" > <img decoding=\"async\" src=\"https:\/\/www.baudetsdubreuil.fr\/wp-content\/uploads\/2016\/01\/ATT-5-615x435.jpg\" alt=\"\" title=\"\" \/> <div class=\"cycloneslider-caption\"> <div class=\"cycloneslider-caption-title\"><\/div> <div class=\"cycloneslider-caption-description\">Entrainement en ext\u00e9rieur avec un pneu qui simule le d\u00e9bardage<\/div> <\/div> <\/div> <\/div> <a href=\"#\" class=\"cycloneslider-prev\"> <span class=\"arrow\"><\/span> <\/a> <a href=\"#\" class=\"cycloneslider-next\"> <span class=\"arrow\"><\/span> <\/a> <\/div>[\/vc_column_text][\/vc_column_inner][vc_column_inner width=&#8221;1\/3&#8243;][vc_column_text]\n<h3 style=\"text-align: center;\">Pulling a carriage<\/h3>\n<div tabindex=\"0\" class=\"cycloneslider cycloneslider-template-standard cycloneslider-width-responsive\" id=\"cycloneslider-ane-attele-pour-promenade-3\" style=\"max-width:615px\" > <div class=\"cycloneslider-slides cycle-slideshow\" data-cycle-allow-wrap=\"true\" data-cycle-dynamic-height=\"off\" data-cycle-auto-height=\"615:435\" data-cycle-auto-height-easing=\"null\" data-cycle-auto-height-speed=\"250\" data-cycle-delay=\"0\" data-cycle-easing=\"\" data-cycle-fx=\"fade\" data-cycle-hide-non-active=\"true\" data-cycle-log=\"false\" data-cycle-next=\"#cycloneslider-ane-attele-pour-promenade-3 .cycloneslider-next\" data-cycle-pager=\"#cycloneslider-ane-attele-pour-promenade-3 .cycloneslider-pager\" data-cycle-pause-on-hover=\"false\" data-cycle-prev=\"#cycloneslider-ane-attele-pour-promenade-3 .cycloneslider-prev\" data-cycle-slides=\"&gt; div\" data-cycle-speed=\"1000\" data-cycle-swipe=\"1\" data-cycle-tile-count=\"7\" data-cycle-tile-delay=\"100\" data-cycle-tile-vertical=\"true\" data-cycle-timeout=\"4000\" > <div class=\"cycloneslider-slide cycloneslider-slide-image\" > <img decoding=\"async\" src=\"https:\/\/www.baudetsdubreuil.fr\/wp-content\/uploads\/2016\/01\/AAT-2-615x435.jpg\" alt=\"\" title=\"\" \/> <div class=\"cycloneslider-caption\"> <div class=\"cycloneslider-caption-title\"><\/div> <div class=\"cycloneslider-caption-description\">Scipion en train d'\u00eatre attel\u00e9 \u00e0 la voiture hippomobile.<\/div> <\/div> <\/div> <div class=\"cycloneslider-slide cycloneslider-slide-image\" > <img decoding=\"async\" src=\"https:\/\/www.baudetsdubreuil.fr\/wp-content\/uploads\/2016\/01\/IMG_0482-615x435.jpg\" alt=\"\" title=\"\" \/> <div class=\"cycloneslider-caption\"> <div class=\"cycloneslider-caption-title\"><\/div> <div class=\"cycloneslider-caption-description\">Scipion passe une porte.\nLes principales difficult\u00e9s se rencontrent sur des obstacles fixes inconnus: grille, portail, ...<\/div> <\/div> <\/div> <div class=\"cycloneslider-slide cycloneslider-slide-image\" > <img decoding=\"async\" src=\"https:\/\/www.baudetsdubreuil.fr\/wp-content\/uploads\/2016\/01\/AAT-3-615x435.jpg\" alt=\"\" title=\"\" \/> <div class=\"cycloneslider-caption\"> <div class=\"cycloneslider-caption-title\"><\/div> <div class=\"cycloneslider-caption-description\">Christine en attelage.\nL'\u00e2ne apprend \u00e0 moduler ses diff\u00e9rentes allures attel\u00e9.<\/div> <\/div> <\/div> <div class=\"cycloneslider-slide cycloneslider-slide-image\" > <img decoding=\"async\" src=\"https:\/\/www.baudetsdubreuil.fr\/wp-content\/uploads\/2016\/01\/AAT-4-615x435.jpg\" alt=\"\" title=\"\" \/> <div class=\"cycloneslider-caption\"> <div class=\"cycloneslider-caption-title\"><\/div> <div class=\"cycloneslider-caption-description\">Attelage d'entrainement.\nLes voitures doivent \u00eatre tr\u00e8s l\u00e9g\u00e8res<\/div> <\/div> <\/div> <div class=\"cycloneslider-slide cycloneslider-slide-image\" > <img decoding=\"async\" src=\"https:\/\/www.baudetsdubreuil.fr\/wp-content\/uploads\/2015\/10\/04-615x435.jpg\" alt=\"\" title=\"\" \/> <div class=\"cycloneslider-caption\"> <div class=\"cycloneslider-caption-title\"><\/div> <div class=\"cycloneslider-caption-description\">Obstacles mobiles: chiens, poids lourds<\/div> <\/div> <\/div> <\/div> <a href=\"#\" class=\"cycloneslider-prev\"> <span class=\"arrow\"><\/span> <\/a> <a href=\"#\" class=\"cycloneslider-next\"> <span class=\"arrow\"><\/span> <\/a> <\/div>[\/vc_column_text][\/vc_column_inner][\/vc_row_inner][\/vc_column][\/mk_page_section][vc_row][vc_column css=&#8221;.vc_custom_1443278760314{margin-top: 40px !important;margin-bottom: 40px !important;}&#8221;][vc_column_text margin_bottom=&#8221;20&#8243;]\n<h2 style=\"text-align: center;\">Competition<\/h2>\n[\/vc_column_text][vc_column_text margin_bottom=&#8221;10&#8243;]\n<p style=\"text-align: center;\">Every year in France, there are many working donkey competition with the three tests<\/p>\n[\/vc_column_text][vc_column_text el_class=&#8221;colorslider&#8221;]<div tabindex=\"0\" class=\"cycloneslider cycloneslider-template-standard cycloneslider-width-responsive\" id=\"cycloneslider-concours-4\" style=\"max-width:615px\" > <div class=\"cycloneslider-slides cycle-slideshow\" data-cycle-allow-wrap=\"true\" data-cycle-dynamic-height=\"off\" data-cycle-auto-height=\"615:400\" data-cycle-auto-height-easing=\"null\" data-cycle-auto-height-speed=\"250\" data-cycle-delay=\"0\" data-cycle-easing=\"\" data-cycle-fx=\"fade\" data-cycle-hide-non-active=\"true\" data-cycle-log=\"false\" data-cycle-next=\"#cycloneslider-concours-4 .cycloneslider-next\" data-cycle-pager=\"#cycloneslider-concours-4 .cycloneslider-pager\" data-cycle-pause-on-hover=\"false\" data-cycle-prev=\"#cycloneslider-concours-4 .cycloneslider-prev\" data-cycle-slides=\"&gt; div\" data-cycle-speed=\"1000\" data-cycle-swipe=\"1\" data-cycle-tile-count=\"7\" data-cycle-tile-delay=\"100\" data-cycle-tile-vertical=\"true\" data-cycle-timeout=\"4000\" > <div class=\"cycloneslider-slide cycloneslider-slide-image\" > <img decoding=\"async\" src=\"https:\/\/www.baudetsdubreuil.fr\/wp-content\/uploads\/2016\/01\/ATT-8-615x400.jpg\" alt=\"\" title=\"\" \/> <div class=\"cycloneslider-caption\"> <div class=\"cycloneslider-caption-title\"><\/div> <div class=\"cycloneslider-caption-description\">Pr\u00e9sentation et allures<\/div> <\/div> <\/div> <div class=\"cycloneslider-slide cycloneslider-slide-image\" > <img decoding=\"async\" src=\"https:\/\/www.baudetsdubreuil.fr\/wp-content\/uploads\/2016\/01\/ATT-7--615x400.jpg\" alt=\"\" title=\"\" \/> <div class=\"cycloneslider-caption\"> <div class=\"cycloneslider-caption-title\"><\/div> <div class=\"cycloneslider-caption-description\">Par tous les temps<\/div> <\/div> <\/div> <div class=\"cycloneslider-slide cycloneslider-slide-image\" > <img decoding=\"async\" src=\"https:\/\/www.baudetsdubreuil.fr\/wp-content\/uploads\/2016\/01\/ATT-6--615x400.jpg\" alt=\"\" title=\"\" \/> <div class=\"cycloneslider-caption\"> <div class=\"cycloneslider-caption-title\"><\/div> <div class=\"cycloneslider-caption-description\">Mont\u00e9e dans le van<\/div> <\/div> <\/div> <div class=\"cycloneslider-slide cycloneslider-slide-image\" > <img decoding=\"async\" src=\"https:\/\/www.baudetsdubreuil.fr\/wp-content\/uploads\/2016\/01\/ATT-10--615x400.jpg\" alt=\"\" title=\"\" \/> <div class=\"cycloneslider-caption\"> <div class=\"cycloneslider-caption-title\"><\/div> <div class=\"cycloneslider-caption-description\">Parcours d'obstacles<\/div> <\/div> <\/div> <div class=\"cycloneslider-slide cycloneslider-slide-image\" > <img decoding=\"async\" src=\"https:\/\/www.baudetsdubreuil.fr\/wp-content\/uploads\/2016\/01\/ATT-11--615x400.jpg\" alt=\"\" title=\"\" \/> <div class=\"cycloneslider-caption\"> <div class=\"cycloneslider-caption-title\"><\/div> <div class=\"cycloneslider-caption-description\">Passage de la \"rivi\u00e8re\"<\/div> <\/div> <\/div> <div class=\"cycloneslider-slide cycloneslider-slide-image\" > <img decoding=\"async\" src=\"https:\/\/www.baudetsdubreuil.fr\/wp-content\/uploads\/2016\/01\/ATT-12--615x400.jpg\" alt=\"\" title=\"\" \/> <div class=\"cycloneslider-caption\"> <div class=\"cycloneslider-caption-title\"><\/div> <div class=\"cycloneslider-caption-description\">Parcours attel\u00e9 \u00e0 une luge<\/div> <\/div> <\/div> <\/div> <a href=\"#\" class=\"cycloneslider-prev\"> <span class=\"arrow\"><\/span> <\/a> <a href=\"#\" class=\"cycloneslider-next\"> <span class=\"arrow\"><\/span> <\/a> <\/div>[\/vc_column_text][\/vc_column][\/vc_row][mk_page_section bg_color=&#8221;#ede8e2&#8243; padding_bottom=&#8221;20&#8243; sidebar=&#8221;sidebar-1&#8243;][vc_column][vc_column_text]\n<h2 style=\"text-align: center;\">Umour du Breuil at work<\/h2>\n[\/vc_column_text][vc_column_text]<div tabindex=\"0\" class=\"cycloneslider cycloneslider-template-standard cycloneslider-width-responsive\" id=\"cycloneslider-umour-du-breuil-au-travail-5\" style=\"max-width:615px\" > <div class=\"cycloneslider-slides cycle-slideshow\" data-cycle-allow-wrap=\"true\" data-cycle-dynamic-height=\"off\" data-cycle-auto-height=\"615:400\" data-cycle-auto-height-easing=\"null\" data-cycle-auto-height-speed=\"250\" data-cycle-delay=\"0\" data-cycle-easing=\"\" data-cycle-fx=\"scrollHorz\" data-cycle-hide-non-active=\"true\" data-cycle-log=\"false\" data-cycle-next=\"#cycloneslider-umour-du-breuil-au-travail-5 .cycloneslider-next\" data-cycle-pager=\"#cycloneslider-umour-du-breuil-au-travail-5 .cycloneslider-pager\" data-cycle-pause-on-hover=\"false\" data-cycle-prev=\"#cycloneslider-umour-du-breuil-au-travail-5 .cycloneslider-prev\" data-cycle-slides=\"&gt; div\" data-cycle-speed=\"1000\" data-cycle-swipe=\"1\" data-cycle-tile-count=\"7\" data-cycle-tile-delay=\"100\" data-cycle-tile-vertical=\"true\" data-cycle-timeout=\"2000\" > <div class=\"cycloneslider-slide cycloneslider-slide-image\" > <img decoding=\"async\" src=\"https:\/\/www.baudetsdubreuil.fr\/wp-content\/uploads\/2016\/01\/IMG_1980-615x400.jpg\" alt=\"\" title=\"\" \/> <div class=\"cycloneslider-caption\"> <div class=\"cycloneslider-caption-title\"><\/div> <div class=\"cycloneslider-caption-description\">Umour du Breuil b\u00e2t\u00e9<\/div> <\/div> <\/div> <div class=\"cycloneslider-slide cycloneslider-slide-image\" > <img decoding=\"async\" src=\"https:\/\/www.baudetsdubreuil.fr\/wp-content\/uploads\/2016\/01\/IMG_1982-615x400.jpg\" alt=\"\" title=\"\" \/> <div class=\"cycloneslider-caption\"> <div class=\"cycloneslider-caption-title\"><\/div> <div class=\"cycloneslider-caption-description\">Umour du Breuil b\u00e2t\u00e9 en ext\u00e9rieur<\/div> <\/div> <\/div> <div class=\"cycloneslider-slide cycloneslider-slide-image\" > <img decoding=\"async\" src=\"https:\/\/www.baudetsdubreuil.fr\/wp-content\/uploads\/2016\/01\/IMG_1552-615x400.jpg\" alt=\"\" title=\"\" \/> <div class=\"cycloneslider-caption\"> <div class=\"cycloneslider-caption-title\"><\/div> <div class=\"cycloneslider-caption-description\">Umour du Breuil attel\u00e9 <\/div> <\/div> <\/div> <div class=\"cycloneslider-slide cycloneslider-slide-image\" > <img decoding=\"async\" src=\"https:\/\/www.baudetsdubreuil.fr\/wp-content\/uploads\/2016\/01\/IMG_1549-615x400.jpg\" alt=\"\" title=\"\" \/> <div class=\"cycloneslider-caption\"> <div class=\"cycloneslider-caption-title\"><\/div> <div class=\"cycloneslider-caption-description\">Umour du Breuil attel\u00e9 2<\/div> <\/div> <\/div> <\/div> <a href=\"#\" class=\"cycloneslider-prev\"> <span class=\"arrow\"><\/span> <\/a> <a href=\"#\" class=\"cycloneslider-next\"> <span class=\"arrow\"><\/span> <\/a> <\/div>[\/vc_column_text][\/vc_column][\/mk_page_section]\n","protected":false},"excerpt":{"rendered":"<p>[vc_row fullwidth=&#8221;true&#8221;][vc_column][vc_column_text][\/vc_column_text][\/vc_column][\/vc_row][vc_row][vc_column css=&#8221;.vc_custom_1442920580012{margin-top: 40px !important;margin-bottom: 40px !important;}&#8221;][vc_column_text el_class=&#8221;intro&#8221;] Working Donkey [\/vc_column_text][vc_row_inner][vc_column_inner][vc_column_text el_class=&#8221;intro&#8221;] Pulling, carrying or riding, donkeys used for transport. Nowadays, the donkey is more and more use for teckking: he carries sadleback. Because he is smart and calm, Poitou donkey is a good choice. [\/vc_column_text][\/vc_column_inner][\/vc_row_inner][\/vc_column][\/vc_row][mk_page_section bg_color=&#8221;#ede8e2&#8243; padding_bottom=&#8221;20&#8243; margin_bottom=&#8221;10&#8243; sidebar=&#8221;sidebar-1&#8243;][vc_column][vc_column_text margin_bottom=&#8221;20&#8243;] Education [\/vc_column_text][vc_row_inner][vc_column_inner width=&#8221;1\/3&#8243;][vc_column_text] Carrying [&hellip;]<\/p>\n","protected":false},"author":2,"featured_media":0,"parent":0,"menu_order":0,"comment_status":"closed","ping_status":"closed","template":"","meta":{"footnotes":""},"class_list":["post-1287","page","type-page","status-publish","hentry"],"yoast_head":"<!-- This site is optimized with the Yoast SEO plugin v26.7 - https:\/\/yoast.com\/wordpress\/plugins\/seo\/ -->\n<title>Working Donkey - Les Baudets du Breuil<\/title>\n<meta name=\"description\" content=\"Working Donkey Baudet du Breuil : Pulling, carrying or riding, donkeys used for transport. Nowadays, the donkey is more and more use for teckking ...\" \/>\n<meta name=\"robots\" content=\"index, follow, max-snippet:-1, max-image-preview:large, max-video-preview:-1\" \/>\n<link rel=\"canonical\" href=\"https:\/\/www.baudetsdubreuil.fr\/en\/working-donkey\/\" \/>\n<meta property=\"og:locale\" content=\"en_US\" \/>\n<meta property=\"og:type\" content=\"article\" \/>\n<meta property=\"og:title\" content=\"Working Donkey - Les Baudets du Breuil\" \/>\n<meta property=\"og:description\" content=\"Working Donkey Baudet du Breuil : Pulling, carrying or riding, donkeys used for transport. Nowadays, the donkey is more and more use for teckking ...\" \/>\n<meta property=\"og:url\" content=\"https:\/\/www.baudetsdubreuil.fr\/en\/working-donkey\/\" \/>\n<meta property=\"og:site_name\" content=\"Les Baudets du Breuil\" \/>\n<meta property=\"article:modified_time\" content=\"2015-10-18T12:17:43+00:00\" \/>\n<meta property=\"og:image\" content=\"https:\/\/www.baudetsdubreuil.fr\/wp-content\/uploads\/2015\/09\/bg-baudet-du-poitou.jpg\" \/>\n<meta name=\"twitter:card\" content=\"summary_large_image\" \/>\n<meta name=\"twitter:label1\" content=\"Est. reading time\" \/>\n\t<meta name=\"twitter:data1\" content=\"1 minute\" \/>\n<script type=\"application\/ld+json\" class=\"yoast-schema-graph\">{\"@context\":\"https:\/\/schema.org\",\"@graph\":[{\"@type\":\"WebPage\",\"@id\":\"https:\/\/www.baudetsdubreuil.fr\/en\/working-donkey\/\",\"url\":\"https:\/\/www.baudetsdubreuil.fr\/en\/working-donkey\/\",\"name\":\"Working Donkey - Les Baudets du Breuil\",\"isPartOf\":{\"@id\":\"https:\/\/www.baudetsdubreuil.fr\/en\/#website\"},\"primaryImageOfPage\":{\"@id\":\"https:\/\/www.baudetsdubreuil.fr\/en\/working-donkey\/#primaryimage\"},\"image\":{\"@id\":\"https:\/\/www.baudetsdubreuil.fr\/en\/working-donkey\/#primaryimage\"},\"thumbnailUrl\":\"https:\/\/www.baudetsdubreuil.fr\/wp-content\/uploads\/2015\/09\/bg-baudet-du-poitou.jpg\",\"datePublished\":\"2015-10-18T12:14:40+00:00\",\"dateModified\":\"2015-10-18T12:17:43+00:00\",\"description\":\"Working Donkey Baudet du Breuil : Pulling, carrying or riding, donkeys used for transport. Nowadays, the donkey is more and more use for teckking ...\",\"breadcrumb\":{\"@id\":\"https:\/\/www.baudetsdubreuil.fr\/en\/working-donkey\/#breadcrumb\"},\"inLanguage\":\"en-US\",\"potentialAction\":[{\"@type\":\"ReadAction\",\"target\":[\"https:\/\/www.baudetsdubreuil.fr\/en\/working-donkey\/\"]}]},{\"@type\":\"ImageObject\",\"inLanguage\":\"en-US\",\"@id\":\"https:\/\/www.baudetsdubreuil.fr\/en\/working-donkey\/#primaryimage\",\"url\":\"https:\/\/www.baudetsdubreuil.fr\/wp-content\/uploads\/2015\/09\/bg-baudet-du-poitou.jpg\",\"contentUrl\":\"https:\/\/www.baudetsdubreuil.fr\/wp-content\/uploads\/2015\/09\/bg-baudet-du-poitou.jpg\"},{\"@type\":\"BreadcrumbList\",\"@id\":\"https:\/\/www.baudetsdubreuil.fr\/en\/working-donkey\/#breadcrumb\",\"itemListElement\":[{\"@type\":\"ListItem\",\"position\":1,\"name\":\"Accueil\",\"item\":\"https:\/\/www.baudetsdubreuil.fr\/en\/\"},{\"@type\":\"ListItem\",\"position\":2,\"name\":\"Working Donkey\"}]},{\"@type\":\"WebSite\",\"@id\":\"https:\/\/www.baudetsdubreuil.fr\/en\/#website\",\"url\":\"https:\/\/www.baudetsdubreuil.fr\/en\/\",\"name\":\"Les Baudets du Breuil\",\"description\":\"\",\"potentialAction\":[{\"@type\":\"SearchAction\",\"target\":{\"@type\":\"EntryPoint\",\"urlTemplate\":\"https:\/\/www.baudetsdubreuil.fr\/en\/?s={search_term_string}\"},\"query-input\":{\"@type\":\"PropertyValueSpecification\",\"valueRequired\":true,\"valueName\":\"search_term_string\"}}],\"inLanguage\":\"en-US\"}]}<\/script>\n<!-- \/ Yoast SEO plugin. -->","yoast_head_json":{"title":"Working Donkey - Les Baudets du Breuil","description":"Working Donkey Baudet du Breuil : Pulling, carrying or riding, donkeys used for transport. Nowadays, the donkey is more and more use for teckking ...","robots":{"index":"index","follow":"follow","max-snippet":"max-snippet:-1","max-image-preview":"max-image-preview:large","max-video-preview":"max-video-preview:-1"},"canonical":"https:\/\/www.baudetsdubreuil.fr\/en\/working-donkey\/","og_locale":"en_US","og_type":"article","og_title":"Working Donkey - Les Baudets du Breuil","og_description":"Working Donkey Baudet du Breuil : Pulling, carrying or riding, donkeys used for transport. Nowadays, the donkey is more and more use for teckking ...","og_url":"https:\/\/www.baudetsdubreuil.fr\/en\/working-donkey\/","og_site_name":"Les Baudets du Breuil","article_modified_time":"2015-10-18T12:17:43+00:00","og_image":[{"url":"https:\/\/www.baudetsdubreuil.fr\/wp-content\/uploads\/2015\/09\/bg-baudet-du-poitou.jpg","type":"","width":"","height":""}],"twitter_card":"summary_large_image","twitter_misc":{"Est. reading time":"1 minute"},"schema":{"@context":"https:\/\/schema.org","@graph":[{"@type":"WebPage","@id":"https:\/\/www.baudetsdubreuil.fr\/en\/working-donkey\/","url":"https:\/\/www.baudetsdubreuil.fr\/en\/working-donkey\/","name":"Working Donkey - Les Baudets du Breuil","isPartOf":{"@id":"https:\/\/www.baudetsdubreuil.fr\/en\/#website"},"primaryImageOfPage":{"@id":"https:\/\/www.baudetsdubreuil.fr\/en\/working-donkey\/#primaryimage"},"image":{"@id":"https:\/\/www.baudetsdubreuil.fr\/en\/working-donkey\/#primaryimage"},"thumbnailUrl":"https:\/\/www.baudetsdubreuil.fr\/wp-content\/uploads\/2015\/09\/bg-baudet-du-poitou.jpg","datePublished":"2015-10-18T12:14:40+00:00","dateModified":"2015-10-18T12:17:43+00:00","description":"Working Donkey Baudet du Breuil : Pulling, carrying or riding, donkeys used for transport. Nowadays, the donkey is more and more use for teckking ...","breadcrumb":{"@id":"https:\/\/www.baudetsdubreuil.fr\/en\/working-donkey\/#breadcrumb"},"inLanguage":"en-US","potentialAction":[{"@type":"ReadAction","target":["https:\/\/www.baudetsdubreuil.fr\/en\/working-donkey\/"]}]},{"@type":"ImageObject","inLanguage":"en-US","@id":"https:\/\/www.baudetsdubreuil.fr\/en\/working-donkey\/#primaryimage","url":"https:\/\/www.baudetsdubreuil.fr\/wp-content\/uploads\/2015\/09\/bg-baudet-du-poitou.jpg","contentUrl":"https:\/\/www.baudetsdubreuil.fr\/wp-content\/uploads\/2015\/09\/bg-baudet-du-poitou.jpg"},{"@type":"BreadcrumbList","@id":"https:\/\/www.baudetsdubreuil.fr\/en\/working-donkey\/#breadcrumb","itemListElement":[{"@type":"ListItem","position":1,"name":"Accueil","item":"https:\/\/www.baudetsdubreuil.fr\/en\/"},{"@type":"ListItem","position":2,"name":"Working Donkey"}]},{"@type":"WebSite","@id":"https:\/\/www.baudetsdubreuil.fr\/en\/#website","url":"https:\/\/www.baudetsdubreuil.fr\/en\/","name":"Les Baudets du Breuil","description":"","potentialAction":[{"@type":"SearchAction","target":{"@type":"EntryPoint","urlTemplate":"https:\/\/www.baudetsdubreuil.fr\/en\/?s={search_term_string}"},"query-input":{"@type":"PropertyValueSpecification","valueRequired":true,"valueName":"search_term_string"}}],"inLanguage":"en-US"}]}},"_links":{"self":[{"href":"https:\/\/www.baudetsdubreuil.fr\/en\/wp-json\/wp\/v2\/pages\/1287","targetHints":{"allow":["GET"]}}],"collection":[{"href":"https:\/\/www.baudetsdubreuil.fr\/en\/wp-json\/wp\/v2\/pages"}],"about":[{"href":"https:\/\/www.baudetsdubreuil.fr\/en\/wp-json\/wp\/v2\/types\/page"}],"author":[{"embeddable":true,"href":"https:\/\/www.baudetsdubreuil.fr\/en\/wp-json\/wp\/v2\/users\/2"}],"replies":[{"embeddable":true,"href":"https:\/\/www.baudetsdubreuil.fr\/en\/wp-json\/wp\/v2\/comments?post=1287"}],"version-history":[{"count":3,"href":"https:\/\/www.baudetsdubreuil.fr\/en\/wp-json\/wp\/v2\/pages\/1287\/revisions"}],"predecessor-version":[{"id":1290,"href":"https:\/\/www.baudetsdubreuil.fr\/en\/wp-json\/wp\/v2\/pages\/1287\/revisions\/1290"}],"wp:attachment":[{"href":"https:\/\/www.baudetsdubreuil.fr\/en\/wp-json\/wp\/v2\/media?parent=1287"}],"curies":[{"name":"wp","href":"https:\/\/api.w.org\/{rel}","templated":true}]}}